{"id":1352,"date":"2020-10-06T00:29:06","date_gmt":"2020-10-06T00:29:06","guid":{"rendered":"https:\/\/opticaodella.com\/?post_type=product&#038;p=1352"},"modified":"2020-10-06T17:21:35","modified_gmt":"2020-10-06T17:21:35","slug":"lentes-de-contacto","status":"publish","type":"product","link":"https:\/\/opticaodella.com\/index.php\/product\/lentes-de-contacto\/","title":{"rendered":"Lentes de Contacto FreshLook"},"content":{"rendered":"<div class=\"std\">\n<p>Para un cambio de color de ojos y una mirada natural.<br \/>\nColores: Verde, gris, miel, azul, puro avellana, caf\u00e9<\/p>\n<p>Hidrataci\u00f3n 55% Curva Base 8.6<\/p>\n<p>Corrige astigmatismo combinado con Miop\u00eda o hipermetrop\u00eda (solamente a pedido)<br \/>\nEste producto tiene un rango por graduaci\u00f3n que va desde +0.25 a +6.00 y desde -0.25 a -6.00<br \/>\nver precios y comprar freshlook, Alcon<\/p>\n<\/div>\n","protected":false},"excerpt":{"rendered":"<p>Para un cambio de color de ojos y una mirada natural. Colores: Verde, gris, miel, azul, puro avellana, caf\u00e9 Hidrataci\u00f3n 55% Curva Base 8.6 Corrige astigmatismo combinado con Miop\u00eda o hipermetrop\u00eda (solamente a pedido) Este producto tiene un rango por graduaci\u00f3n que va desde +0.25 a +6.00 y desde -0.25 a -6.00 ver precios y [&hellip;]<\/p>\n","protected":false},"featured_media":1353,"template":"","meta":[],"yoast_head":"<!-- This site is optimized with the Yoast SEO plugin v14.9 - https:\/\/yoast.com\/wordpress\/plugins\/seo\/ -->\n<title>Lentes de Contacto FreshLook - Optica Odella<\/title>\n<meta name=\"robots\" content=\"index, follow, max-snippet:-1, max-image-preview:large, max-video-preview:-1\" \/>\n<link rel=\"canonical\" href=\"https:\/\/opticaodella.com\/index.php\/product\/lentes-de-contacto\/\" \/>\n<meta property=\"og:locale\" content=\"es_ES\" \/>\n<meta property=\"og:type\" content=\"article\" \/>\n<meta property=\"og:title\" content=\"Lentes de Contacto FreshLook - Optica Odella\" \/>\n<meta property=\"og:description\" content=\"Para un cambio de color de ojos y una mirada natural. Colores: Verde, gris, miel, azul, puro avellana, caf\u00e9 Hidrataci\u00f3n 55% Curva Base 8.6 Corrige astigmatismo combinado con Miop\u00eda o hipermetrop\u00eda (solamente a pedido) Este producto tiene un rango por graduaci\u00f3n que va desde +0.25 a +6.00 y desde -0.25 a -6.00 ver precios y [&hellip;]\" \/>\n<meta property=\"og:url\" content=\"https:\/\/opticaodella.com\/index.php\/product\/lentes-de-contacto\/\" \/>\n<meta property=\"og:site_name\" content=\"Optica Odella\" \/>\n<meta property=\"article:modified_time\" content=\"2020-10-06T17:21:35+00:00\" \/>\n<meta property=\"og:image\" content=\"https:\/\/opticaodella.com\/wp-content\/uploads\/2020\/10\/fresh-look.png\" \/>\n\t<meta property=\"og:image:width\" content=\"900\" \/>\n\t<meta property=\"og:image:height\" content=\"900\" \/>\n<meta name=\"twitter:card\" content=\"summary_large_image\" \/>\n<script type=\"application\/ld+json\" class=\"yoast-schema-graph\">{\"@context\":\"https:\/\/schema.org\",\"@graph\":[{\"@type\":\"WebSite\",\"@id\":\"https:\/\/opticaodella.com\/#website\",\"url\":\"https:\/\/opticaodella.com\/\",\"name\":\"Optica Odella\",\"description\":\"\",\"potentialAction\":[{\"@type\":\"SearchAction\",\"target\":\"https:\/\/opticaodella.com\/?s={search_term_string}\",\"query-input\":\"required name=search_term_string\"}],\"inLanguage\":\"es\"},{\"@type\":\"ImageObject\",\"@id\":\"https:\/\/opticaodella.com\/index.php\/product\/lentes-de-contacto\/#primaryimage\",\"inLanguage\":\"es\",\"url\":\"https:\/\/opticaodella.com\/wp-content\/uploads\/2020\/10\/fresh-look.png\",\"width\":900,\"height\":900},{\"@type\":\"WebPage\",\"@id\":\"https:\/\/opticaodella.com\/index.php\/product\/lentes-de-contacto\/#webpage\",\"url\":\"https:\/\/opticaodella.com\/index.php\/product\/lentes-de-contacto\/\",\"name\":\"Lentes de Contacto FreshLook - Optica Odella\",\"isPartOf\":{\"@id\":\"https:\/\/opticaodella.com\/#website\"},\"primaryImageOfPage\":{\"@id\":\"https:\/\/opticaodella.com\/index.php\/product\/lentes-de-contacto\/#primaryimage\"},\"datePublished\":\"2020-10-06T00:29:06+00:00\",\"dateModified\":\"2020-10-06T17:21:35+00:00\",\"inLanguage\":\"es\",\"potentialAction\":[{\"@type\":\"ReadAction\",\"target\":[\"https:\/\/opticaodella.com\/index.php\/product\/lentes-de-contacto\/\"]}]}]}<\/script>\n<!-- \/ Yoast SEO plugin. -->","_links":{"self":[{"href":"https:\/\/opticaodella.com\/index.php\/wp-json\/wp\/v2\/product\/1352"}],"collection":[{"href":"https:\/\/opticaodella.com\/index.php\/wp-json\/wp\/v2\/product"}],"about":[{"href":"https:\/\/opticaodella.com\/index.php\/wp-json\/wp\/v2\/types\/product"}],"wp:featuredmedia":[{"embeddable":true,"href":"https:\/\/opticaodella.com\/index.php\/wp-json\/wp\/v2\/media\/1353"}],"wp:attachment":[{"href":"https:\/\/opticaodella.com\/index.php\/wp-json\/wp\/v2\/media?parent=1352"}],"curies":[{"name":"wp","href":"https:\/\/api.w.org\/{rel}","templated":true}]}}