{"id":1350,"date":"2020-10-06T00:22:57","date_gmt":"2020-10-06T00:22:57","guid":{"rendered":"https:\/\/opticaodella.com\/?post_type=product&#038;p=1350"},"modified":"2020-10-06T00:22:57","modified_gmt":"2020-10-06T00:22:57","slug":"lentes-de-contacto-soflens-starcolors-ii","status":"publish","type":"product","link":"https:\/\/opticaodella.com\/index.php\/product\/lentes-de-contacto-soflens-starcolors-ii\/","title":{"rendered":"Lentes de Contacto SofLens StarColors II"},"content":{"rendered":"<p>Los lentes de contacto cosm\u00e9ticos\u00a0est\u00e1n fabricados con hidrogel que favorecen la comodidad de los usuarios que los utilizan durante mucho tiempo al d\u00eda.<\/p>\n<p>Tienen un remplazo mensual. Estos nuevos lentes de contacto est\u00e1n hechos con hidrogel, gracias a la\u00a0<strong>tecnolog\u00eda Ultra MoistureSeal<\/strong>\u00a0se rompe el ciclo de incomodidad que suele producirse durante largos periodos de tiempo.<\/p>\n","protected":false},"excerpt":{"rendered":"<p>Los lentes de contacto cosm\u00e9ticos\u00a0est\u00e1n fabricados con hidrogel que favorecen la comodidad de los usuarios que los utilizan durante mucho tiempo al d\u00eda. Tienen un remplazo mensual. Estos nuevos lentes de contacto est\u00e1n hechos con hidrogel, gracias a la\u00a0tecnolog\u00eda Ultra MoistureSeal\u00a0se rompe el ciclo de incomodidad que suele producirse durante largos periodos de tiempo.<\/p>\n","protected":false},"featured_media":1351,"template":"","meta":[],"yoast_head":"<!-- This site is optimized with the Yoast SEO plugin v14.9 - https:\/\/yoast.com\/wordpress\/plugins\/seo\/ -->\n<title>Lentes de Contacto SofLens StarColors II - Optica Odella<\/title>\n<meta name=\"robots\" content=\"index, follow, max-snippet:-1, max-image-preview:large, max-video-preview:-1\" \/>\n<link rel=\"canonical\" href=\"https:\/\/opticaodella.com\/index.php\/product\/lentes-de-contacto-soflens-starcolors-ii\/\" \/>\n<meta property=\"og:locale\" content=\"es_ES\" \/>\n<meta property=\"og:type\" content=\"article\" \/>\n<meta property=\"og:title\" content=\"Lentes de Contacto SofLens StarColors II - Optica Odella\" \/>\n<meta property=\"og:description\" content=\"Los lentes de contacto cosm\u00e9ticos\u00a0est\u00e1n fabricados con hidrogel que favorecen la comodidad de los usuarios que los utilizan durante mucho tiempo al d\u00eda. Tienen un remplazo mensual. Estos nuevos lentes de contacto est\u00e1n hechos con hidrogel, gracias a la\u00a0tecnolog\u00eda Ultra MoistureSeal\u00a0se rompe el ciclo de incomodidad que suele producirse durante largos periodos de tiempo.\" \/>\n<meta property=\"og:url\" content=\"https:\/\/opticaodella.com\/index.php\/product\/lentes-de-contacto-soflens-starcolors-ii\/\" \/>\n<meta property=\"og:site_name\" content=\"Optica Odella\" \/>\n<meta property=\"og:image\" content=\"https:\/\/opticaodella.com\/wp-content\/uploads\/2020\/10\/Starcolors-II.png\" \/>\n\t<meta property=\"og:image:width\" content=\"900\" \/>\n\t<meta property=\"og:image:height\" content=\"900\" \/>\n<meta name=\"twitter:card\" content=\"summary_large_image\" \/>\n<script type=\"application\/ld+json\" class=\"yoast-schema-graph\">{\"@context\":\"https:\/\/schema.org\",\"@graph\":[{\"@type\":\"WebSite\",\"@id\":\"https:\/\/opticaodella.com\/#website\",\"url\":\"https:\/\/opticaodella.com\/\",\"name\":\"Optica Odella\",\"description\":\"\",\"potentialAction\":[{\"@type\":\"SearchAction\",\"target\":\"https:\/\/opticaodella.com\/?s={search_term_string}\",\"query-input\":\"required name=search_term_string\"}],\"inLanguage\":\"es\"},{\"@type\":\"ImageObject\",\"@id\":\"https:\/\/opticaodella.com\/index.php\/product\/lentes-de-contacto-soflens-starcolors-ii\/#primaryimage\",\"inLanguage\":\"es\",\"url\":\"https:\/\/opticaodella.com\/wp-content\/uploads\/2020\/10\/Starcolors-II.png\",\"width\":900,\"height\":900},{\"@type\":\"WebPage\",\"@id\":\"https:\/\/opticaodella.com\/index.php\/product\/lentes-de-contacto-soflens-starcolors-ii\/#webpage\",\"url\":\"https:\/\/opticaodella.com\/index.php\/product\/lentes-de-contacto-soflens-starcolors-ii\/\",\"name\":\"Lentes de Contacto SofLens StarColors II - Optica Odella\",\"isPartOf\":{\"@id\":\"https:\/\/opticaodella.com\/#website\"},\"primaryImageOfPage\":{\"@id\":\"https:\/\/opticaodella.com\/index.php\/product\/lentes-de-contacto-soflens-starcolors-ii\/#primaryimage\"},\"datePublished\":\"2020-10-06T00:22:57+00:00\",\"dateModified\":\"2020-10-06T00:22:57+00:00\",\"inLanguage\":\"es\",\"potentialAction\":[{\"@type\":\"ReadAction\",\"target\":[\"https:\/\/opticaodella.com\/index.php\/product\/lentes-de-contacto-soflens-starcolors-ii\/\"]}]}]}<\/script>\n<!-- \/ Yoast SEO plugin. -->","_links":{"self":[{"href":"https:\/\/opticaodella.com\/index.php\/wp-json\/wp\/v2\/product\/1350"}],"collection":[{"href":"https:\/\/opticaodella.com\/index.php\/wp-json\/wp\/v2\/product"}],"about":[{"href":"https:\/\/opticaodella.com\/index.php\/wp-json\/wp\/v2\/types\/product"}],"wp:featuredmedia":[{"embeddable":true,"href":"https:\/\/opticaodella.com\/index.php\/wp-json\/wp\/v2\/media\/1351"}],"wp:attachment":[{"href":"https:\/\/opticaodella.com\/index.php\/wp-json\/wp\/v2\/media?parent=1350"}],"curies":[{"name":"wp","href":"https:\/\/api.w.org\/{rel}","templated":true}]}}