{"id":1348,"date":"2020-10-06T00:18:13","date_gmt":"2020-10-06T00:18:13","guid":{"rendered":"https:\/\/opticaodella.com\/?post_type=product&#038;p=1348"},"modified":"2020-10-06T00:18:13","modified_gmt":"2020-10-06T00:18:13","slug":"lentes-de-contacto-soflens","status":"publish","type":"product","link":"https:\/\/opticaodella.com\/index.php\/product\/lentes-de-contacto-soflens\/","title":{"rendered":"Lentes de Contacto SofLens"},"content":{"rendered":"<p>Los lentes de contacto SofLens Multifocal est\u00e1n dise\u00f1ados para reducir los efectos de luz como\u00a0<b>rayos UV y deslumbramiento. <\/b>Tambi\u00e9n\u00a0aseguran que tus ojos permanezcan hidratados y libres de irritaci\u00f3n al retener un alto nivel de humedad durante todo el d\u00eda.<\/p>\n<p>La superficie lisa del lente de contacto se adapta a tus ojos de forma segura y resiste la acumulaci\u00f3n de prote\u00ednas para una visi\u00f3n clara y c\u00f3moda.<\/p>\n<p>Estas caracter\u00edsticas hacen de los lentes de contacto SofLens Multifocal unos lentes adecuados para aquellas personas que quieren corregir la presbicia y que tambi\u00e9n sufren de ojos secos cuando usan lentes de contacto.<\/p>\n","protected":false},"excerpt":{"rendered":"<p>Los lentes de contacto SofLens Multifocal est\u00e1n dise\u00f1ados para reducir los efectos de luz como\u00a0rayos UV y deslumbramiento. Tambi\u00e9n\u00a0aseguran que tus ojos permanezcan hidratados y libres de irritaci\u00f3n al retener un alto nivel de humedad durante todo el d\u00eda. La superficie lisa del lente de contacto se adapta a tus ojos de forma segura y [&hellip;]<\/p>\n","protected":false},"featured_media":1349,"template":"","meta":[],"yoast_head":"<!-- This site is optimized with the Yoast SEO plugin v14.9 - https:\/\/yoast.com\/wordpress\/plugins\/seo\/ -->\n<title>Lentes de Contacto SofLens - Optica Odella<\/title>\n<meta name=\"robots\" content=\"index, follow, max-snippet:-1, max-image-preview:large, max-video-preview:-1\" \/>\n<link rel=\"canonical\" href=\"https:\/\/opticaodella.com\/index.php\/product\/lentes-de-contacto-soflens\/\" \/>\n<meta property=\"og:locale\" content=\"es_ES\" \/>\n<meta property=\"og:type\" content=\"article\" \/>\n<meta property=\"og:title\" content=\"Lentes de Contacto SofLens - Optica Odella\" \/>\n<meta property=\"og:description\" content=\"Los lentes de contacto SofLens Multifocal est\u00e1n dise\u00f1ados para reducir los efectos de luz como\u00a0rayos UV y deslumbramiento. Tambi\u00e9n\u00a0aseguran que tus ojos permanezcan hidratados y libres de irritaci\u00f3n al retener un alto nivel de humedad durante todo el d\u00eda. La superficie lisa del lente de contacto se adapta a tus ojos de forma segura y [&hellip;]\" \/>\n<meta property=\"og:url\" content=\"https:\/\/opticaodella.com\/index.php\/product\/lentes-de-contacto-soflens\/\" \/>\n<meta property=\"og:site_name\" content=\"Optica Odella\" \/>\n<meta property=\"og:image\" content=\"https:\/\/opticaodella.com\/wp-content\/uploads\/2020\/10\/soflens-multifocales.png\" \/>\n\t<meta property=\"og:image:width\" content=\"800\" \/>\n\t<meta property=\"og:image:height\" content=\"800\" \/>\n<meta name=\"twitter:card\" content=\"summary_large_image\" \/>\n<script type=\"application\/ld+json\" class=\"yoast-schema-graph\">{\"@context\":\"https:\/\/schema.org\",\"@graph\":[{\"@type\":\"WebSite\",\"@id\":\"https:\/\/opticaodella.com\/#website\",\"url\":\"https:\/\/opticaodella.com\/\",\"name\":\"Optica Odella\",\"description\":\"\",\"potentialAction\":[{\"@type\":\"SearchAction\",\"target\":\"https:\/\/opticaodella.com\/?s={search_term_string}\",\"query-input\":\"required name=search_term_string\"}],\"inLanguage\":\"es\"},{\"@type\":\"ImageObject\",\"@id\":\"https:\/\/opticaodella.com\/index.php\/product\/lentes-de-contacto-soflens\/#primaryimage\",\"inLanguage\":\"es\",\"url\":\"https:\/\/opticaodella.com\/wp-content\/uploads\/2020\/10\/soflens-multifocales.png\",\"width\":800,\"height\":800},{\"@type\":\"WebPage\",\"@id\":\"https:\/\/opticaodella.com\/index.php\/product\/lentes-de-contacto-soflens\/#webpage\",\"url\":\"https:\/\/opticaodella.com\/index.php\/product\/lentes-de-contacto-soflens\/\",\"name\":\"Lentes de Contacto SofLens - Optica Odella\",\"isPartOf\":{\"@id\":\"https:\/\/opticaodella.com\/#website\"},\"primaryImageOfPage\":{\"@id\":\"https:\/\/opticaodella.com\/index.php\/product\/lentes-de-contacto-soflens\/#primaryimage\"},\"datePublished\":\"2020-10-06T00:18:13+00:00\",\"dateModified\":\"2020-10-06T00:18:13+00:00\",\"inLanguage\":\"es\",\"potentialAction\":[{\"@type\":\"ReadAction\",\"target\":[\"https:\/\/opticaodella.com\/index.php\/product\/lentes-de-contacto-soflens\/\"]}]}]}<\/script>\n<!-- \/ Yoast SEO plugin. -->","_links":{"self":[{"href":"https:\/\/opticaodella.com\/index.php\/wp-json\/wp\/v2\/product\/1348"}],"collection":[{"href":"https:\/\/opticaodella.com\/index.php\/wp-json\/wp\/v2\/product"}],"about":[{"href":"https:\/\/opticaodella.com\/index.php\/wp-json\/wp\/v2\/types\/product"}],"wp:featuredmedia":[{"embeddable":true,"href":"https:\/\/opticaodella.com\/index.php\/wp-json\/wp\/v2\/media\/1349"}],"wp:attachment":[{"href":"https:\/\/opticaodella.com\/index.php\/wp-json\/wp\/v2\/media?parent=1348"}],"curies":[{"name":"wp","href":"https:\/\/api.w.org\/{rel}","templated":true}]}}