{"id":1346,"date":"2020-10-06T00:10:35","date_gmt":"2020-10-06T00:10:35","guid":{"rendered":"https:\/\/opticaodella.com\/?post_type=product&#038;p=1346"},"modified":"2020-10-06T00:10:35","modified_gmt":"2020-10-06T00:10:35","slug":"lente-de-contacto-hidrolent","status":"publish","type":"product","link":"https:\/\/opticaodella.com\/index.php\/product\/lente-de-contacto-hidrolent\/","title":{"rendered":"Lente de Contacto HidroLent"},"content":{"rendered":"<p>Esta linea de lentes de contacto esta abocada a las \u201cespecialidades\u201d, entendiendo como tales a aquellos lentes que se usan en la correcci\u00f3n de enfermedades u anomal\u00edas at\u00edpicas o que por su complejidad no se pueden corregir con lentes comunes, por lo que es necesario usar un tipo de lente que sale del rango de fabricaci\u00f3n normal.<\/p>\n","protected":false},"excerpt":{"rendered":"<p>Esta linea de lentes de contacto esta abocada a las \u201cespecialidades\u201d, entendiendo como tales a aquellos lentes que se usan en la correcci\u00f3n de enfermedades u anomal\u00edas at\u00edpicas o que por su complejidad no se pueden corregir con lentes comunes, por lo que es necesario usar un tipo de lente que sale del rango de [&hellip;]<\/p>\n","protected":false},"featured_media":1347,"template":"","meta":[],"yoast_head":"<!-- This site is optimized with the Yoast SEO plugin v14.9 - https:\/\/yoast.com\/wordpress\/plugins\/seo\/ -->\n<title>Lente de Contacto HidroLent - Optica Odella<\/title>\n<meta name=\"robots\" content=\"index, follow, max-snippet:-1, max-image-preview:large, max-video-preview:-1\" \/>\n<link rel=\"canonical\" href=\"https:\/\/opticaodella.com\/index.php\/product\/lente-de-contacto-hidrolent\/\" \/>\n<meta property=\"og:locale\" content=\"es_ES\" \/>\n<meta property=\"og:type\" content=\"article\" \/>\n<meta property=\"og:title\" content=\"Lente de Contacto HidroLent - Optica Odella\" \/>\n<meta property=\"og:description\" content=\"Esta linea de lentes de contacto esta abocada a las \u201cespecialidades\u201d, entendiendo como tales a aquellos lentes que se usan en la correcci\u00f3n de enfermedades u anomal\u00edas at\u00edpicas o que por su complejidad no se pueden corregir con lentes comunes, por lo que es necesario usar un tipo de lente que sale del rango de [&hellip;]\" \/>\n<meta property=\"og:url\" content=\"https:\/\/opticaodella.com\/index.php\/product\/lente-de-contacto-hidrolent\/\" \/>\n<meta property=\"og:site_name\" content=\"Optica Odella\" \/>\n<meta property=\"og:image\" content=\"https:\/\/opticaodella.com\/wp-content\/uploads\/2020\/10\/hidrolent.png\" \/>\n\t<meta property=\"og:image:width\" content=\"900\" \/>\n\t<meta property=\"og:image:height\" content=\"900\" \/>\n<meta name=\"twitter:card\" content=\"summary_large_image\" \/>\n<script type=\"application\/ld+json\" class=\"yoast-schema-graph\">{\"@context\":\"https:\/\/schema.org\",\"@graph\":[{\"@type\":\"WebSite\",\"@id\":\"https:\/\/opticaodella.com\/#website\",\"url\":\"https:\/\/opticaodella.com\/\",\"name\":\"Optica Odella\",\"description\":\"\",\"potentialAction\":[{\"@type\":\"SearchAction\",\"target\":\"https:\/\/opticaodella.com\/?s={search_term_string}\",\"query-input\":\"required name=search_term_string\"}],\"inLanguage\":\"es\"},{\"@type\":\"ImageObject\",\"@id\":\"https:\/\/opticaodella.com\/index.php\/product\/lente-de-contacto-hidrolent\/#primaryimage\",\"inLanguage\":\"es\",\"url\":\"https:\/\/opticaodella.com\/wp-content\/uploads\/2020\/10\/hidrolent.png\",\"width\":900,\"height\":900},{\"@type\":\"WebPage\",\"@id\":\"https:\/\/opticaodella.com\/index.php\/product\/lente-de-contacto-hidrolent\/#webpage\",\"url\":\"https:\/\/opticaodella.com\/index.php\/product\/lente-de-contacto-hidrolent\/\",\"name\":\"Lente de Contacto HidroLent - Optica Odella\",\"isPartOf\":{\"@id\":\"https:\/\/opticaodella.com\/#website\"},\"primaryImageOfPage\":{\"@id\":\"https:\/\/opticaodella.com\/index.php\/product\/lente-de-contacto-hidrolent\/#primaryimage\"},\"datePublished\":\"2020-10-06T00:10:35+00:00\",\"dateModified\":\"2020-10-06T00:10:35+00:00\",\"inLanguage\":\"es\",\"potentialAction\":[{\"@type\":\"ReadAction\",\"target\":[\"https:\/\/opticaodella.com\/index.php\/product\/lente-de-contacto-hidrolent\/\"]}]}]}<\/script>\n<!-- \/ Yoast SEO plugin. -->","_links":{"self":[{"href":"https:\/\/opticaodella.com\/index.php\/wp-json\/wp\/v2\/product\/1346"}],"collection":[{"href":"https:\/\/opticaodella.com\/index.php\/wp-json\/wp\/v2\/product"}],"about":[{"href":"https:\/\/opticaodella.com\/index.php\/wp-json\/wp\/v2\/types\/product"}],"wp:featuredmedia":[{"embeddable":true,"href":"https:\/\/opticaodella.com\/index.php\/wp-json\/wp\/v2\/media\/1347"}],"wp:attachment":[{"href":"https:\/\/opticaodella.com\/index.php\/wp-json\/wp\/v2\/media?parent=1346"}],"curies":[{"name":"wp","href":"https:\/\/api.w.org\/{rel}","templated":true}]}}