{"id":1343,"date":"2020-10-05T23:47:56","date_gmt":"2020-10-05T23:47:56","guid":{"rendered":"https:\/\/opticaodella.com\/?post_type=product&#038;p=1343"},"modified":"2020-10-05T23:47:56","modified_gmt":"2020-10-05T23:47:56","slug":"lentes-de-contacto-acuvue-2","status":"publish","type":"product","link":"https:\/\/opticaodella.com\/index.php\/product\/lentes-de-contacto-acuvue-2\/","title":{"rendered":"Lentes de Contacto Acuvue\u00ae 2"},"content":{"rendered":"<p>Los lentes de contacto\u00a0<b>Acuvue\u00ae 2<\/b>, del laboratorio\u00a0<b>Johnson &amp; Johnson<\/b>, son lentes de contacto de uso quincenal c\u00f3modos y f\u00e1ciles de usar, perfectos para usuarios nuevos. Estos lentes de contacto se pueden usar\u00a0<b>durante 14 d\u00edas consecutivos<\/b>.<\/p>\n<p>Para que ponerte los lentes de contacto sea m\u00e1s f\u00e1cil, los lentes\u00a0<b>Acuvue\u00ae 2<\/b>\u00a0tienen un tinte azul para que puedas elegirlas del paquete sin problemas. Los lentes de contacto Acuvue\u00ae 2 permiten que\u00a0<b>hasta el 88% del ox\u00edgeno<\/b>\u00a0llegue al ojo mientras los llevas puestos, lo que significa que tus ojos permanecer\u00e1n blancos y c\u00f3modos durante todo el d\u00eda.<\/p>\n","protected":false},"excerpt":{"rendered":"<p>Los lentes de contacto\u00a0Acuvue\u00ae 2, del laboratorio\u00a0Johnson &amp; Johnson, son lentes de contacto de uso quincenal c\u00f3modos y f\u00e1ciles de usar, perfectos para usuarios nuevos. Estos lentes de contacto se pueden usar\u00a0durante 14 d\u00edas consecutivos. Para que ponerte los lentes de contacto sea m\u00e1s f\u00e1cil, los lentes\u00a0Acuvue\u00ae 2\u00a0tienen un tinte azul para que puedas elegirlas [&hellip;]<\/p>\n","protected":false},"featured_media":1344,"template":"","meta":[],"yoast_head":"<!-- This site is optimized with the Yoast SEO plugin v14.9 - https:\/\/yoast.com\/wordpress\/plugins\/seo\/ -->\n<title>Lentes de Contacto Acuvue\u00ae 2 - Optica Odella<\/title>\n<meta name=\"robots\" content=\"index, follow, max-snippet:-1, max-image-preview:large, max-video-preview:-1\" \/>\n<link rel=\"canonical\" href=\"https:\/\/opticaodella.com\/index.php\/product\/lentes-de-contacto-acuvue-2\/\" \/>\n<meta property=\"og:locale\" content=\"es_ES\" \/>\n<meta property=\"og:type\" content=\"article\" \/>\n<meta property=\"og:title\" content=\"Lentes de Contacto Acuvue\u00ae 2 - Optica Odella\" \/>\n<meta property=\"og:description\" content=\"Los lentes de contacto\u00a0Acuvue\u00ae 2, del laboratorio\u00a0Johnson &amp; Johnson, son lentes de contacto de uso quincenal c\u00f3modos y f\u00e1ciles de usar, perfectos para usuarios nuevos. Estos lentes de contacto se pueden usar\u00a0durante 14 d\u00edas consecutivos. Para que ponerte los lentes de contacto sea m\u00e1s f\u00e1cil, los lentes\u00a0Acuvue\u00ae 2\u00a0tienen un tinte azul para que puedas elegirlas [&hellip;]\" \/>\n<meta property=\"og:url\" content=\"https:\/\/opticaodella.com\/index.php\/product\/lentes-de-contacto-acuvue-2\/\" \/>\n<meta property=\"og:site_name\" content=\"Optica Odella\" \/>\n<meta property=\"og:image\" content=\"https:\/\/opticaodella.com\/wp-content\/uploads\/2020\/10\/acuvue-2.png\" \/>\n\t<meta property=\"og:image:width\" content=\"1000\" \/>\n\t<meta property=\"og:image:height\" content=\"1000\" \/>\n<meta name=\"twitter:card\" content=\"summary_large_image\" \/>\n<script type=\"application\/ld+json\" class=\"yoast-schema-graph\">{\"@context\":\"https:\/\/schema.org\",\"@graph\":[{\"@type\":\"WebSite\",\"@id\":\"https:\/\/opticaodella.com\/#website\",\"url\":\"https:\/\/opticaodella.com\/\",\"name\":\"Optica Odella\",\"description\":\"\",\"potentialAction\":[{\"@type\":\"SearchAction\",\"target\":\"https:\/\/opticaodella.com\/?s={search_term_string}\",\"query-input\":\"required name=search_term_string\"}],\"inLanguage\":\"es\"},{\"@type\":\"ImageObject\",\"@id\":\"https:\/\/opticaodella.com\/index.php\/product\/lentes-de-contacto-acuvue-2\/#primaryimage\",\"inLanguage\":\"es\",\"url\":\"https:\/\/opticaodella.com\/wp-content\/uploads\/2020\/10\/acuvue-2.png\",\"width\":1000,\"height\":1000},{\"@type\":\"WebPage\",\"@id\":\"https:\/\/opticaodella.com\/index.php\/product\/lentes-de-contacto-acuvue-2\/#webpage\",\"url\":\"https:\/\/opticaodella.com\/index.php\/product\/lentes-de-contacto-acuvue-2\/\",\"name\":\"Lentes de Contacto Acuvue\\u00ae 2 - Optica Odella\",\"isPartOf\":{\"@id\":\"https:\/\/opticaodella.com\/#website\"},\"primaryImageOfPage\":{\"@id\":\"https:\/\/opticaodella.com\/index.php\/product\/lentes-de-contacto-acuvue-2\/#primaryimage\"},\"datePublished\":\"2020-10-05T23:47:56+00:00\",\"dateModified\":\"2020-10-05T23:47:56+00:00\",\"inLanguage\":\"es\",\"potentialAction\":[{\"@type\":\"ReadAction\",\"target\":[\"https:\/\/opticaodella.com\/index.php\/product\/lentes-de-contacto-acuvue-2\/\"]}]}]}<\/script>\n<!-- \/ Yoast SEO plugin. -->","_links":{"self":[{"href":"https:\/\/opticaodella.com\/index.php\/wp-json\/wp\/v2\/product\/1343"}],"collection":[{"href":"https:\/\/opticaodella.com\/index.php\/wp-json\/wp\/v2\/product"}],"about":[{"href":"https:\/\/opticaodella.com\/index.php\/wp-json\/wp\/v2\/types\/product"}],"wp:featuredmedia":[{"embeddable":true,"href":"https:\/\/opticaodella.com\/index.php\/wp-json\/wp\/v2\/media\/1344"}],"wp:attachment":[{"href":"https:\/\/opticaodella.com\/index.php\/wp-json\/wp\/v2\/media?parent=1343"}],"curies":[{"name":"wp","href":"https:\/\/api.w.org\/{rel}","templated":true}]}}