{"id":1318,"date":"2020-10-05T21:18:00","date_gmt":"2020-10-05T21:18:00","guid":{"rendered":"https:\/\/opticaodella.com\/?post_type=product&#038;p=1318"},"modified":"2020-10-05T21:37:21","modified_gmt":"2020-10-05T21:37:21","slug":"avaira-vitality","status":"publish","type":"product","link":"https:\/\/opticaodella.com\/index.php\/product\/avaira-vitality\/","title":{"rendered":"Lentes de Contacto Avaira Vitality"},"content":{"rendered":"<p>Ahora puede disfrutar del hidrogel de silicona, el material m\u00e1s saludable<sup>4<\/sup>\u00a0para lentes de contacto, a un precio accesible.<\/p>\n<p>Avaira VitalityTM proporciona todos los beneficios del hidrogel de silicona con mayor contenido de agua y humectaci\u00f3n natural.<\/p>\n<p>Esto significa que Avaira Vitality\u2122 es un lente c\u00f3modo y de alto rendimiento. Adem\u00e1s, los lentes de contacto Avaira Vitality\u2122 contribuyen a bloquear m\u00e1s del 90% de los rayos UVA da\u00f1inos y el 99 % de los rayos UVB, gracias a sus protecci\u00f3n Clase 1 contra los rayos UV.<sup>1<\/sup><\/p>\n","protected":false},"excerpt":{"rendered":"<p>Ahora puede disfrutar del hidrogel de silicona, el material m\u00e1s saludable4\u00a0para lentes de contacto, a un precio accesible. Avaira VitalityTM proporciona todos los beneficios del hidrogel de silicona con mayor contenido de agua y humectaci\u00f3n natural. Esto significa que Avaira Vitality\u2122 es un lente c\u00f3modo y de alto rendimiento. Adem\u00e1s, los lentes de contacto Avaira [&hellip;]<\/p>\n","protected":false},"featured_media":1319,"template":"","meta":[],"yoast_head":"<!-- This site is optimized with the Yoast SEO plugin v14.9 - https:\/\/yoast.com\/wordpress\/plugins\/seo\/ -->\n<title>Lentes de Contacto Avaira Vitality - Optica Odella<\/title>\n<meta name=\"robots\" content=\"index, follow, max-snippet:-1, max-image-preview:large, max-video-preview:-1\" \/>\n<link rel=\"canonical\" href=\"https:\/\/opticaodella.com\/index.php\/product\/avaira-vitality\/\" \/>\n<meta property=\"og:locale\" content=\"es_ES\" \/>\n<meta property=\"og:type\" content=\"article\" \/>\n<meta property=\"og:title\" content=\"Lentes de Contacto Avaira Vitality - Optica Odella\" \/>\n<meta property=\"og:description\" content=\"Ahora puede disfrutar del hidrogel de silicona, el material m\u00e1s saludable4\u00a0para lentes de contacto, a un precio accesible. Avaira VitalityTM proporciona todos los beneficios del hidrogel de silicona con mayor contenido de agua y humectaci\u00f3n natural. Esto significa que Avaira Vitality\u2122 es un lente c\u00f3modo y de alto rendimiento. Adem\u00e1s, los lentes de contacto Avaira [&hellip;]\" \/>\n<meta property=\"og:url\" content=\"https:\/\/opticaodella.com\/index.php\/product\/avaira-vitality\/\" \/>\n<meta property=\"og:site_name\" content=\"Optica Odella\" \/>\n<meta property=\"article:modified_time\" content=\"2020-10-05T21:37:21+00:00\" \/>\n<meta property=\"og:image\" content=\"https:\/\/opticaodella.com\/wp-content\/uploads\/2020\/10\/Avaira-Vitality.png\" \/>\n\t<meta property=\"og:image:width\" content=\"800\" \/>\n\t<meta property=\"og:image:height\" content=\"800\" \/>\n<meta name=\"twitter:card\" content=\"summary_large_image\" \/>\n<script type=\"application\/ld+json\" class=\"yoast-schema-graph\">{\"@context\":\"https:\/\/schema.org\",\"@graph\":[{\"@type\":\"WebSite\",\"@id\":\"https:\/\/opticaodella.com\/#website\",\"url\":\"https:\/\/opticaodella.com\/\",\"name\":\"Optica Odella\",\"description\":\"\",\"potentialAction\":[{\"@type\":\"SearchAction\",\"target\":\"https:\/\/opticaodella.com\/?s={search_term_string}\",\"query-input\":\"required name=search_term_string\"}],\"inLanguage\":\"es\"},{\"@type\":\"ImageObject\",\"@id\":\"https:\/\/opticaodella.com\/index.php\/product\/avaira-vitality\/#primaryimage\",\"inLanguage\":\"es\",\"url\":\"https:\/\/opticaodella.com\/wp-content\/uploads\/2020\/10\/Avaira-Vitality.png\",\"width\":800,\"height\":800},{\"@type\":\"WebPage\",\"@id\":\"https:\/\/opticaodella.com\/index.php\/product\/avaira-vitality\/#webpage\",\"url\":\"https:\/\/opticaodella.com\/index.php\/product\/avaira-vitality\/\",\"name\":\"Lentes de Contacto Avaira Vitality - Optica Odella\",\"isPartOf\":{\"@id\":\"https:\/\/opticaodella.com\/#website\"},\"primaryImageOfPage\":{\"@id\":\"https:\/\/opticaodella.com\/index.php\/product\/avaira-vitality\/#primaryimage\"},\"datePublished\":\"2020-10-05T21:18:00+00:00\",\"dateModified\":\"2020-10-05T21:37:21+00:00\",\"inLanguage\":\"es\",\"potentialAction\":[{\"@type\":\"ReadAction\",\"target\":[\"https:\/\/opticaodella.com\/index.php\/product\/avaira-vitality\/\"]}]}]}<\/script>\n<!-- \/ Yoast SEO plugin. -->","_links":{"self":[{"href":"https:\/\/opticaodella.com\/index.php\/wp-json\/wp\/v2\/product\/1318"}],"collection":[{"href":"https:\/\/opticaodella.com\/index.php\/wp-json\/wp\/v2\/product"}],"about":[{"href":"https:\/\/opticaodella.com\/index.php\/wp-json\/wp\/v2\/types\/product"}],"wp:featuredmedia":[{"embeddable":true,"href":"https:\/\/opticaodella.com\/index.php\/wp-json\/wp\/v2\/media\/1319"}],"wp:attachment":[{"href":"https:\/\/opticaodella.com\/index.php\/wp-json\/wp\/v2\/media?parent=1318"}],"curies":[{"name":"wp","href":"https:\/\/api.w.org\/{rel}","templated":true}]}}